{"id":1400,"date":"2024-12-19T00:42:56","date_gmt":"2024-12-19T00:42:56","guid":{"rendered":"http:\/\/page.dahianvelasquez.ch\/?page_id=1400"},"modified":"2025-11-07T22:48:00","modified_gmt":"2025-11-07T22:48:00","slug":"vestidos-de-gala","status":"publish","type":"page","link":"https:\/\/dahianvelasquez.ch\/de\/vestidos-de-gala\/","title":{"rendered":"Abendkleider"},"content":{"rendered":"\t\t<div data-elementor-type=\"wp-page\" data-elementor-id=\"1400\" class=\"elementor elementor-1400\" data-elementor-post-type=\"page\">\n\t\t\t\t<div class=\"elementor-element elementor-element-b89c717 e-flex e-con-boxed e-con e-parent\" data-id=\"b89c717\" data-element_type=\"container\" data-e-type=\"container\">\n\t\t\t\t\t<div class=\"e-con-inner\">\n\t\t\t\t<div class=\"elementor-element elementor-element-56fca4a elementor-widget elementor-widget-spacer\" data-id=\"56fca4a\" data-element_type=\"widget\" data-e-type=\"widget\" data-widget_type=\"spacer.default\">\n\t\t\t\t<div class=\"elementor-widget-container\">\n\t\t\t\t\t\t\t<div class=\"elementor-spacer\">\n\t\t\t<div class=\"elementor-spacer-inner\"><\/div>\n\t\t<\/div>\n\t\t\t\t\t\t<\/div>\n\t\t\t\t<\/div>\n\t\t\t\t<div class=\"elementor-element elementor-element-bf28599 elementor-widget elementor-widget-heading\" data-id=\"bf28599\" data-element_type=\"widget\" data-e-type=\"widget\" data-widget_type=\"heading.default\">\n\t\t\t\t<div class=\"elementor-widget-container\">\n\t\t\t\t\t<h2 class=\"elementor-heading-title elementor-size-default\">Abendkleider<\/h2>\t\t\t\t<\/div>\n\t\t\t\t<\/div>\n\t\t\t\t<div class=\"elementor-element elementor-element-fabb67f elementor-widget-divider--view-line elementor-widget elementor-widget-divider\" data-id=\"fabb67f\" data-element_type=\"widget\" data-e-type=\"widget\" data-widget_type=\"divider.default\">\n\t\t\t\t<div class=\"elementor-widget-container\">\n\t\t\t\t\t\t\t<div class=\"elementor-divider\">\n\t\t\t<span class=\"elementor-divider-separator\">\n\t\t\t\t\t\t<\/span>\n\t\t<\/div>\n\t\t\t\t\t\t<\/div>\n\t\t\t\t<\/div>\n\t\t\t\t<div class=\"elementor-element elementor-element-0b00fc9 elementor-widget elementor-widget-text-editor\" data-id=\"0b00fc9\" data-element_type=\"widget\" data-e-type=\"widget\" data-widget_type=\"text-editor.default\">\n\t\t\t\t<div class=\"elementor-widget-container\">\n\t\t\t\t\t\t\t\t\t<p>Trau dich, unvergesslich zu sein<\/p>\t\t\t\t\t\t\t\t<\/div>\n\t\t\t\t<\/div>\n\t\t\t\t<div class=\"elementor-element elementor-element-d644ac3 elementor-widget elementor-widget-woocommerce-breadcrumb\" data-id=\"d644ac3\" data-element_type=\"widget\" data-e-type=\"widget\" data-widget_type=\"woocommerce-breadcrumb.default\">\n\t\t\t\t<div class=\"elementor-widget-container\">\n\t\t\t\t\t<nav class=\"woocommerce-breadcrumb\" aria-label=\"Breadcrumb\">Startseite<\/nav>\t\t\t\t<\/div>\n\t\t\t\t<\/div>\n\t\t\t\t<div class=\"elementor-element elementor-element-19fff3d elementor-widget elementor-widget-text-editor\" data-id=\"19fff3d\" data-element_type=\"widget\" data-e-type=\"widget\" data-widget_type=\"text-editor.default\">\n\t\t\t\t<div class=\"elementor-widget-container\">\n\t\t\t\t\t\t\t\t\t<p data-start=\"0\" data-end=\"284\">Unsere <strong data-start=\"7\" data-end=\"33\">Abend- und Festkleider<\/strong> sind darauf ausgelegt, dich bei jedem besonderen Anlass strahlen zu lassen. Von eleganten Abendessen bis hin zu unvergesslichen Feiern wird jedes St\u00fcck mit h\u00f6chster Liebe zum Detail gefertigt \u2013 eine Kombination aus <strong data-start=\"249\" data-end=\"281\">Raffinesse, Stil und Komfort<\/strong>.<\/p><p data-start=\"286\" data-end=\"478\">Ganz gleich, ob du ein spektakul\u00e4res <strong data-start=\"323\" data-end=\"337\">Gala-Kleid<\/strong> suchst oder eine dezentere, aber ebenso elegante Option \u2013 du findest das perfekte Design, um dich <strong data-start=\"436\" data-end=\"465\">einzigartig und umwerfend<\/strong> zu f\u00fchlen.<\/p><p data-start=\"480\" data-end=\"590\" data-is-last-node=\"\" data-is-only-node=\"\">Mach jeden Moment unvergesslich \u2013 mit einem Look, der deine Essenz widerspiegelt und dich zum Strahlen bringt!<\/p>\t\t\t\t\t\t\t\t<\/div>\n\t\t\t\t<\/div>\n\t\t\t\t\t<\/div>\n\t\t\t\t<\/div>\n\t\t<div class=\"elementor-element elementor-element-554a17f e-con-full e-flex e-con e-parent\" data-id=\"554a17f\" data-element_type=\"container\" data-e-type=\"container\">\n\t\t<div class=\"elementor-element elementor-element-fb06fff e-con-full e-flex e-con e-child\" data-id=\"fb06fff\" data-element_type=\"container\" data-e-type=\"container\" data-settings=\"{&quot;background_background&quot;:&quot;classic&quot;,&quot;motion_fx_motion_fx_scrolling&quot;:&quot;yes&quot;,&quot;motion_fx_translateY_effect&quot;:&quot;yes&quot;,&quot;motion_fx_translateY_speed&quot;:{&quot;unit&quot;:&quot;px&quot;,&quot;size&quot;:0.3,&quot;sizes&quot;:[]},&quot;motion_fx_translateY_affectedRange&quot;:{&quot;unit&quot;:&quot;%&quot;,&quot;size&quot;:&quot;&quot;,&quot;sizes&quot;:{&quot;start&quot;:0,&quot;end&quot;:100}},&quot;motion_fx_devices&quot;:[&quot;desktop&quot;,&quot;tablet&quot;,&quot;mobile&quot;]}\">\n\t\t\t\t<div class=\"elementor-element elementor-element-f9434ca elementor-widget elementor-widget-spacer\" data-id=\"f9434ca\" data-element_type=\"widget\" data-e-type=\"widget\" data-widget_type=\"spacer.default\">\n\t\t\t\t<div class=\"elementor-widget-container\">\n\t\t\t\t\t\t\t<div class=\"elementor-spacer\">\n\t\t\t<div class=\"elementor-spacer-inner\"><\/div>\n\t\t<\/div>\n\t\t\t\t\t\t<\/div>\n\t\t\t\t<\/div>\n\t\t\t\t<div class=\"elementor-element elementor-element-766c48e elementor-widget elementor-widget-heading\" data-id=\"766c48e\" data-element_type=\"widget\" data-e-type=\"widget\" data-widget_type=\"heading.default\">\n\t\t\t\t<div class=\"elementor-widget-container\">\n\t\t\t\t\t<h2 class=\"elementor-heading-title elementor-size-default\">ANAHI<\/h2>\t\t\t\t<\/div>\n\t\t\t\t<\/div>\n\t\t\t\t<div class=\"elementor-element elementor-element-cef4e4b elementor-widget elementor-widget-spacer\" data-id=\"cef4e4b\" data-element_type=\"widget\" data-e-type=\"widget\" data-widget_type=\"spacer.default\">\n\t\t\t\t<div class=\"elementor-widget-container\">\n\t\t\t\t\t\t\t<div class=\"elementor-spacer\">\n\t\t\t<div class=\"elementor-spacer-inner\"><\/div>\n\t\t<\/div>\n\t\t\t\t\t\t<\/div>\n\t\t\t\t<\/div>\n\t\t\t\t<\/div>\n\t\t<div class=\"elementor-element elementor-element-943c640 e-con-full e-flex e-con e-child\" data-id=\"943c640\" data-element_type=\"container\" data-e-type=\"container\" data-settings=\"{&quot;background_background&quot;:&quot;classic&quot;,&quot;motion_fx_motion_fx_scrolling&quot;:&quot;yes&quot;,&quot;motion_fx_translateY_effect&quot;:&quot;yes&quot;,&quot;motion_fx_translateY_speed&quot;:{&quot;unit&quot;:&quot;px&quot;,&quot;size&quot;:0.3,&quot;sizes&quot;:[]},&quot;motion_fx_translateY_affectedRange&quot;:{&quot;unit&quot;:&quot;%&quot;,&quot;size&quot;:&quot;&quot;,&quot;sizes&quot;:{&quot;start&quot;:0,&quot;end&quot;:100}},&quot;motion_fx_devices&quot;:[&quot;desktop&quot;,&quot;tablet&quot;,&quot;mobile&quot;]}\">\n\t\t\t\t<div class=\"elementor-element elementor-element-1b2208d elementor-widget elementor-widget-spacer\" data-id=\"1b2208d\" data-element_type=\"widget\" data-e-type=\"widget\" data-widget_type=\"spacer.default\">\n\t\t\t\t<div class=\"elementor-widget-container\">\n\t\t\t\t\t\t\t<div class=\"elementor-spacer\">\n\t\t\t<div class=\"elementor-spacer-inner\"><\/div>\n\t\t<\/div>\n\t\t\t\t\t\t<\/div>\n\t\t\t\t<\/div>\n\t\t\t\t<div class=\"elementor-element elementor-element-45640f9 elementor-widget elementor-widget-heading\" data-id=\"45640f9\" data-element_type=\"widget\" data-e-type=\"widget\" data-widget_type=\"heading.default\">\n\t\t\t\t<div class=\"elementor-widget-container\">\n\t\t\t\t\t<h2 class=\"elementor-heading-title elementor-size-default\">AURORA\n<\/h2>\t\t\t\t<\/div>\n\t\t\t\t<\/div>\n\t\t\t\t<div class=\"elementor-element elementor-element-c363ca2 elementor-widget elementor-widget-spacer\" data-id=\"c363ca2\" data-element_type=\"widget\" data-e-type=\"widget\" data-widget_type=\"spacer.default\">\n\t\t\t\t<div class=\"elementor-widget-container\">\n\t\t\t\t\t\t\t<div class=\"elementor-spacer\">\n\t\t\t<div class=\"elementor-spacer-inner\"><\/div>\n\t\t<\/div>\n\t\t\t\t\t\t<\/div>\n\t\t\t\t<\/div>\n\t\t\t\t<\/div>\n\t\t<div class=\"elementor-element elementor-element-79d14d9 e-con-full e-flex e-con e-child\" data-id=\"79d14d9\" data-element_type=\"container\" data-e-type=\"container\" data-settings=\"{&quot;background_background&quot;:&quot;classic&quot;,&quot;motion_fx_motion_fx_scrolling&quot;:&quot;yes&quot;,&quot;motion_fx_translateY_effect&quot;:&quot;yes&quot;,&quot;motion_fx_translateY_speed&quot;:{&quot;unit&quot;:&quot;px&quot;,&quot;size&quot;:0.3,&quot;sizes&quot;:[]},&quot;motion_fx_translateY_affectedRange&quot;:{&quot;unit&quot;:&quot;%&quot;,&quot;size&quot;:&quot;&quot;,&quot;sizes&quot;:{&quot;start&quot;:0,&quot;end&quot;:100}},&quot;motion_fx_devices&quot;:[&quot;desktop&quot;,&quot;tablet&quot;,&quot;mobile&quot;]}\">\n\t\t\t\t<div class=\"elementor-element elementor-element-ee5812c elementor-widget elementor-widget-spacer\" data-id=\"ee5812c\" data-element_type=\"widget\" data-e-type=\"widget\" data-widget_type=\"spacer.default\">\n\t\t\t\t<div class=\"elementor-widget-container\">\n\t\t\t\t\t\t\t<div class=\"elementor-spacer\">\n\t\t\t<div class=\"elementor-spacer-inner\"><\/div>\n\t\t<\/div>\n\t\t\t\t\t\t<\/div>\n\t\t\t\t<\/div>\n\t\t\t\t<div class=\"elementor-element elementor-element-55053f8 elementor-widget elementor-widget-heading\" data-id=\"55053f8\" data-element_type=\"widget\" data-e-type=\"widget\" data-widget_type=\"heading.default\">\n\t\t\t\t<div class=\"elementor-widget-container\">\n\t\t\t\t\t<h2 class=\"elementor-heading-title elementor-size-default\">FLORA<\/h2>\t\t\t\t<\/div>\n\t\t\t\t<\/div>\n\t\t\t\t<div class=\"elementor-element elementor-element-172793b elementor-widget elementor-widget-spacer\" data-id=\"172793b\" data-element_type=\"widget\" data-e-type=\"widget\" data-widget_type=\"spacer.default\">\n\t\t\t\t<div class=\"elementor-widget-container\">\n\t\t\t\t\t\t\t<div class=\"elementor-spacer\">\n\t\t\t<div class=\"elementor-spacer-inner\"><\/div>\n\t\t<\/div>\n\t\t\t\t\t\t<\/div>\n\t\t\t\t<\/div>\n\t\t\t\t<\/div>\n\t\t\t\t<\/div>\n\t\t<div class=\"elementor-element elementor-element-37aff5b e-flex e-con-boxed e-con e-parent\" data-id=\"37aff5b\" data-element_type=\"container\" data-e-type=\"container\">\n\t\t\t\t\t<div class=\"e-con-inner\">\n\t\t<div class=\"elementor-element elementor-element-f14bb89 e-con-full e-flex e-con e-child\" data-id=\"f14bb89\" data-element_type=\"container\" data-e-type=\"container\">\n\t\t\t\t<div class=\"elementor-element elementor-element-4eb012b elementor-widget elementor-widget-heading\" data-id=\"4eb012b\" data-element_type=\"widget\" data-e-type=\"widget\" data-widget_type=\"heading.default\">\n\t\t\t\t<div class=\"elementor-widget-container\">\n\t\t\t\t\t<h2 class=\"elementor-heading-title elementor-size-default\">Wie man das perfekte Abendkleid f\u00fcr jeden Anlass ausw\u00e4hlt<\/h2>\t\t\t\t<\/div>\n\t\t\t\t<\/div>\n\t\t\t\t<div class=\"elementor-element elementor-element-3851e5c elementor-widget elementor-widget-text-editor\" data-id=\"3851e5c\" data-element_type=\"widget\" data-e-type=\"widget\" data-widget_type=\"text-editor.default\">\n\t\t\t\t<div class=\"elementor-widget-container\">\n\t\t\t\t\t\t\t\t\t<p data-start=\"0\" data-end=\"144\">Die Wahl des perfekten Kleides f\u00fcr eine Feier h\u00e4ngt von mehreren Faktoren ab. Hier sind einige Tipps, um die richtige Entscheidung zu treffen:<\/p><ol data-start=\"146\" data-end=\"949\"><li data-start=\"146\" data-end=\"329\"><p data-start=\"149\" data-end=\"329\"><strong data-start=\"149\" data-end=\"170\">Kenne den Anlass:<\/strong><br data-start=\"170\" data-end=\"173\" \/>Handelt es sich um eine Gala oder eine Hochzeit, w\u00e4hle ein <strong data-start=\"232\" data-end=\"262\" data-is-only-node=\"\">langes und elegantes Kleid<\/strong>. F\u00fcr eher legere Feiern sind <strong data-start=\"292\" data-end=\"320\">Midi- oder kurze Kleider<\/strong> ideal.<\/p><\/li><li data-start=\"331\" data-end=\"603\"><p data-start=\"334\" data-end=\"603\"><strong data-start=\"334\" data-end=\"364\">Spiegle deinen Stil wider:<\/strong><br data-start=\"364\" data-end=\"367\" \/>W\u00e4hle ein Design, in dem du dich <strong data-start=\"400\" data-end=\"426\" data-is-only-node=\"\">wohl und selbstbewusst<\/strong> f\u00fchlst. Wenn du den klassischen Stil bevorzugst, greife zu klaren Linien und neutralen Farben. Wenn du mutiger bist, spiele mit <strong data-start=\"555\" data-end=\"600\">auff\u00e4lligen Details und lebendigen Farben<\/strong>.<\/p><\/li><li data-start=\"605\" data-end=\"783\"><p data-start=\"608\" data-end=\"783\"><strong data-start=\"608\" data-end=\"643\">Ber\u00fccksichtige die Accessoires:<\/strong><br data-start=\"643\" data-end=\"646\" \/>Accessoires wie Ohrringe, eine Clutch und High Heels k\u00f6nnen dein Outfit verwandeln und ihm den <strong data-start=\"741\" data-end=\"770\" data-is-only-node=\"\">perfekten letzten Schliff<\/strong> verleihen.<\/p><\/li><li data-start=\"785\" data-end=\"949\"><p data-start=\"788\" data-end=\"949\"><strong data-start=\"788\" data-end=\"811\">Beachte das Wetter:<\/strong><br data-start=\"811\" data-end=\"814\" \/>Im Winter eignen sich Kleider mit <strong data-start=\"848\" data-end=\"886\" data-is-only-node=\"\">langen \u00c4rmeln und festeren Stoffen<\/strong>, w\u00e4hrend im Sommer <strong data-start=\"906\" data-end=\"935\">leichte, luftige Optionen<\/strong> ideal sind.<\/p><\/li><\/ol><p data-start=\"951\" data-end=\"1057\" data-is-last-node=\"\" data-is-only-node=\"\">Finde ein Kleid, das dich <strong data-start=\"977\" data-end=\"1001\">strahlend und bereit<\/strong> f\u00fchlen l\u00e4sst, jeden Anlass in vollen Z\u00fcgen zu genie\u00dfen.<\/p>\t\t\t\t\t\t\t\t<\/div>\n\t\t\t\t<\/div>\n\t\t\t\t<div class=\"elementor-element elementor-element-8f1f4ea elementor-align-left elementor-widget elementor-widget-button\" data-id=\"8f1f4ea\" data-element_type=\"widget\" data-e-type=\"widget\" data-widget_type=\"button.default\">\n\t\t\t\t<div class=\"elementor-widget-container\">\n\t\t\t\t\t\t\t\t\t<div class=\"elementor-button-wrapper\">\n\t\t\t\t\t<a class=\"elementor-button elementor-button-link elementor-size-sm\" href=\"#\">\n\t\t\t\t\t\t<span class=\"elementor-button-content-wrapper\">\n\t\t\t\t\t\t\t\t\t<span class=\"elementor-button-text\">Zum Shop<\/span>\n\t\t\t\t\t<\/span>\n\t\t\t\t\t<\/a>\n\t\t\t\t<\/div>\n\t\t\t\t\t\t\t\t<\/div>\n\t\t\t\t<\/div>\n\t\t\t\t<\/div>\n\t\t<div class=\"elementor-element elementor-element-893ce5f e-con-full e-flex e-con e-child\" data-id=\"893ce5f\" data-element_type=\"container\" data-e-type=\"container\">\n\t\t\t\t<div class=\"elementor-element elementor-element-b8a411c elementor-widget elementor-widget-video\" data-id=\"b8a411c\" data-element_type=\"widget\" data-e-type=\"widget\" data-settings=\"{&quot;video_type&quot;:&quot;hosted&quot;,&quot;autoplay&quot;:&quot;yes&quot;,&quot;mute&quot;:&quot;yes&quot;,&quot;loop&quot;:&quot;yes&quot;}\" data-widget_type=\"video.default\">\n\t\t\t\t<div class=\"elementor-widget-container\">\n\t\t\t\t\t\t\t<div class=\"e-hosted-video elementor-wrapper elementor-open-inline\">\n\t\t\t\t\t<video class=\"elementor-video\" src=\"https:\/\/dahianvelasquez.ch\/wp-content\/uploads\/2025\/07\/BordadosDama.mp4\" autoplay=\"\" loop=\"\" muted=\"muted\" controlsList=\"nodownload\"><\/video>\n\t\t\t\t<\/div>\n\t\t\t\t\t\t<\/div>\n\t\t\t\t<\/div>\n\t\t\t\t<\/div>\n\t\t\t\t\t<\/div>\n\t\t\t\t<\/div>\n\t\t<div class=\"elementor-element elementor-element-02c32d6 e-flex e-con-boxed e-con e-parent\" data-id=\"02c32d6\" data-element_type=\"container\" data-e-type=\"container\" data-settings=\"{&quot;background_background&quot;:&quot;classic&quot;}\">\n\t\t\t\t\t<div class=\"e-con-inner\">\n\t\t<div class=\"elementor-element elementor-element-017b271 e-con-full e-flex e-con e-child\" data-id=\"017b271\" data-element_type=\"container\" data-e-type=\"container\">\n\t\t\t\t<div class=\"elementor-element elementor-element-694b22d elementor-widget elementor-widget-heading\" data-id=\"694b22d\" data-element_type=\"widget\" data-e-type=\"widget\" data-widget_type=\"heading.default\">\n\t\t\t\t<div class=\"elementor-widget-container\">\n\t\t\t\t\t<h2 class=\"elementor-heading-title elementor-size-default\">Besuche unseren Showroom<\/h2>\t\t\t\t<\/div>\n\t\t\t\t<\/div>\n\t\t\t\t<div class=\"elementor-element elementor-element-33342cb elementor-align-left elementor-widget elementor-widget-button\" data-id=\"33342cb\" data-element_type=\"widget\" data-e-type=\"widget\" data-widget_type=\"button.default\">\n\t\t\t\t<div class=\"elementor-widget-container\">\n\t\t\t\t\t\t\t\t\t<div class=\"elementor-button-wrapper\">\n\t\t\t\t\t<a class=\"elementor-button elementor-button-link elementor-size-sm\" href=\"https:\/\/dahianvelasquez.ch\/ubicaciones\/\">\n\t\t\t\t\t\t<span class=\"elementor-button-content-wrapper\">\n\t\t\t\t\t\t\t\t\t<span class=\"elementor-button-text\">Wo du uns findest<\/span>\n\t\t\t\t\t<\/span>\n\t\t\t\t\t<\/a>\n\t\t\t\t<\/div>\n\t\t\t\t\t\t\t\t<\/div>\n\t\t\t\t<\/div>\n\t\t\t\t<\/div>\n\t\t<div class=\"elementor-element elementor-element-2cc786e e-con-full e-flex e-con e-child\" data-id=\"2cc786e\" data-element_type=\"container\" data-e-type=\"container\">\n\t\t\t\t<div class=\"elementor-element elementor-element-f5c507d elementor-widget elementor-widget-text-editor\" data-id=\"f5c507d\" data-element_type=\"widget\" data-e-type=\"widget\" data-widget_type=\"text-editor.default\">\n\t\t\t\t<div class=\"elementor-widget-container\">\n\t\t\t\t\t\t\t\t\t<p>Unsere\u00a0<strong data-start=\"7\" data-end=\"20\">Showrooms<\/strong>\u00a0sind so gestaltet, dass jedes Erlebnis\u00a0<strong data-start=\"60\" data-end=\"75\">einzigartig<\/strong>\u00a0ist.<br data-start=\"80\" data-end=\"83\" \/>Die Braut wird\u00a0<strong data-start=\"98\" data-end=\"112\">pers\u00f6nlich<\/strong>\u00a0von einer erfahrenen Stylistin oder sogar von der\u00a0<strong data-start=\"163\" data-end=\"184\">Designerin selbst<\/strong>\u00a0empfangen und erh\u00e4lt einen\u00a0<strong data-start=\"212\" data-end=\"241\">exklusiven, privaten Raum<\/strong>.<\/p>\t\t\t\t\t\t\t\t<\/div>\n\t\t\t\t<\/div>\n\t\t\t\t<div class=\"elementor-element elementor-element-25a22bf elementor-icon-list--layout-traditional elementor-list-item-link-full_width elementor-widget elementor-widget-icon-list\" data-id=\"25a22bf\" data-element_type=\"widget\" data-e-type=\"widget\" data-widget_type=\"icon-list.default\">\n\t\t\t\t<div class=\"elementor-widget-container\">\n\t\t\t\t\t\t\t<ul class=\"elementor-icon-list-items\">\n\t\t\t\t\t\t\t<li class=\"elementor-icon-list-item\">\n\t\t\t\t\t\t\t\t\t\t\t<span class=\"elementor-icon-list-icon\">\n\t\t\t\t\t\t\t<svg aria-hidden=\"true\" class=\"e-font-icon-svg e-fas-map-pin\" viewBox=\"0 0 288 512\" xmlns=\"http:\/\/www.w3.org\/2000\/svg\"><path d=\"M112 316.94v156.69l22.02 33.02c4.75 7.12 15.22 7.12 19.97 0L176 473.63V316.94c-10.39 1.92-21.06 3.06-32 3.06s-21.61-1.14-32-3.06zM144 0C64.47 0 0 64.47 0 144s64.47 144 144 144 144-64.47 144-144S223.53 0 144 0zm0 76c-37.5 0-68 30.5-68 68 0 6.62-5.38 12-12 12s-12-5.38-12-12c0-50.73 41.28-92 92-92 6.62 0 12 5.38 12 12s-5.38 12-12 12z\"><\/path><\/svg>\t\t\t\t\t\t<\/span>\n\t\t\t\t\t\t\t\t\t\t<span class=\"elementor-icon-list-text\">Schl\u00fcsselgasse 16 - 8001 - Z\u00fcrich.<\/span>\n\t\t\t\t\t\t\t\t\t<\/li>\n\t\t\t\t\t\t<\/ul>\n\t\t\t\t\t\t<\/div>\n\t\t\t\t<\/div>\n\t\t\t\t<\/div>\n\t\t\t\t\t<\/div>\n\t\t\t\t<\/div>\n\t\t\t\t<\/div>\n\t\t","protected":false},"excerpt":{"rendered":"<p>Abendkleider Trau dich, unvergesslich zu sein Unsere Abend- und Festkleider sind darauf ausgelegt, dich bei jedem besonderen Anlass strahlen zu lassen. Von eleganten Abendessen bis hin zu unvergesslichen Feiern wird jedes St\u00fcck mit h\u00f6chster Liebe zum Detail gefertigt \u2013 eine Kombination aus Raffinesse, Stil und Komfort. Ganz gleich, ob du ein spektakul\u00e4res Gala-Kleid suchst oder [&hellip;]<\/p>\n","protected":false},"author":1,"featured_media":0,"parent":0,"menu_order":0,"comment_status":"closed","ping_status":"closed","template":"","meta":{"om_disable_all_campaigns":false,"_monsterinsights_skip_tracking":false,"_monsterinsights_sitenote_active":false,"_monsterinsights_sitenote_note":"","_monsterinsights_sitenote_category":0,"footnotes":""},"class_list":["post-1400","page","type-page","status-publish","hentry"],"aioseo_notices":[],"_hostinger_reach_plugin_has_subscription_block":false,"_hostinger_reach_plugin_is_elementor":false,"_links":{"self":[{"href":"https:\/\/dahianvelasquez.ch\/de\/wp-json\/wp\/v2\/pages\/1400","targetHints":{"allow":["GET"]}}],"collection":[{"href":"https:\/\/dahianvelasquez.ch\/de\/wp-json\/wp\/v2\/pages"}],"about":[{"href":"https:\/\/dahianvelasquez.ch\/de\/wp-json\/wp\/v2\/types\/page"}],"author":[{"embeddable":true,"href":"https:\/\/dahianvelasquez.ch\/de\/wp-json\/wp\/v2\/users\/1"}],"replies":[{"embeddable":true,"href":"https:\/\/dahianvelasquez.ch\/de\/wp-json\/wp\/v2\/comments?post=1400"}],"version-history":[{"count":101,"href":"https:\/\/dahianvelasquez.ch\/de\/wp-json\/wp\/v2\/pages\/1400\/revisions"}],"predecessor-version":[{"id":6065,"href":"https:\/\/dahianvelasquez.ch\/de\/wp-json\/wp\/v2\/pages\/1400\/revisions\/6065"}],"wp:attachment":[{"href":"https:\/\/dahianvelasquez.ch\/de\/wp-json\/wp\/v2\/media?parent=1400"}],"curies":[{"name":"wp","href":"https:\/\/api.w.org\/{rel}","templated":true}]}}